{"id":5,"date":"2018-12-07T16:08:57","date_gmt":"2018-12-07T21:08:57","guid":{"rendered":"http:\/\/funvive.org\/?page_id=5"},"modified":"2020-09-28T22:12:45","modified_gmt":"2020-09-29T03:12:45","slug":"quienes-somos","status":"publish","type":"page","link":"http:\/\/funvive.org\/index.php\/quienes-somos\/","title":{"rendered":"\u00bfQuienes Somos?"},"content":{"rendered":"\n<figure class=\"wp-block-image size-large\"><img loading=\"lazy\" width=\"817\" height=\"904\" src=\"http:\/\/funvive.org\/wp-content\/uploads\/2020\/09\/medico1.jpeg\" alt=\"\" class=\"wp-image-550\" srcset=\"http:\/\/funvive.org\/wp-content\/uploads\/2020\/09\/medico1.jpeg 817w, http:\/\/funvive.org\/wp-content\/uploads\/2020\/09\/medico1-271x300.jpeg 271w, http:\/\/funvive.org\/wp-content\/uploads\/2020\/09\/medico1-768x850.jpeg 768w\" sizes=\"(max-width: 817px) 100vw, 817px\" \/><\/figure>\n\n\n<p>Somos una instituci\u00f3n sin fines de lucro cuyo objetivo es promover la <strong>Salud<\/strong> y la <strong>Prevenci\u00f3n de enfermedades cr\u00f3nicas no transmisibles <\/strong>(Diabetes mielitus, hipertensi\u00f3n arterial, c\u00e1ncer, sobrepeso\/obesidad, enfermedades cardiovasculares y coronarias, osteo-articulares, etc) mediante las prescripci\u00f3n y ejecuci\u00f3n de programas y planes de ejercicio f\u00edsico y nutrici\u00f3n.<\/p>\n<p>Fundaci\u00f3n vive est\u00e1 dirijida por el Dr. Pablo Villota Cardoso, m\u00e9dico especialista en ciruj\u00eda general y master en cultura f\u00edsica.<\/p>\n<p>En Fundaci\u00f3n vive realizamos tratamientos para <strong>enfermedades cr\u00f3nicas no transmisibles<\/strong> mediante planes de ejercicio f\u00edsico y nutrici\u00f3n que tendr\u00e1n repercusi\u00f3n en el estilo de vida del paciente as\u00ed como tambi\u00e9n en su estado de animo. Para esto, luego de una evaluaci\u00f3n al paciente, se realiza un acompa\u00f1amiento de su actividad f\u00edsica dentro de nuestras instalaciones para evaluar su avance.<\/p>\n\n\n<p><\/p>\n","protected":false},"excerpt":{"rendered":"<p>Somos una instituci\u00f3n sin fines de lucro cuyo objetivo es promover la Salud y la Prevenci\u00f3n de enfermedades cr\u00f3nicas no transmisibles (Diabetes mielitus, hipertensi\u00f3n arterial, c\u00e1ncer, sobrepeso\/obesidad, enfermedades cardiovasculares y coronarias, osteo-articulares, etc) mediante las prescripci\u00f3n y ejecuci\u00f3n de programas y planes de ejercicio f\u00edsico y nutrici\u00f3n. Fundaci\u00f3n vive est\u00e1 dirijida por el Dr. Pablo&hellip;<\/p>\n","protected":false},"author":1,"featured_media":0,"parent":0,"menu_order":0,"comment_status":"closed","ping_status":"closed","template":"","meta":{"spay_email":""},"_links":{"self":[{"href":"http:\/\/funvive.org\/index.php\/wp-json\/wp\/v2\/pages\/5"}],"collection":[{"href":"http:\/\/funvive.org\/index.php\/wp-json\/wp\/v2\/pages"}],"about":[{"href":"http:\/\/funvive.org\/index.php\/wp-json\/wp\/v2\/types\/page"}],"author":[{"embeddable":true,"href":"http:\/\/funvive.org\/index.php\/wp-json\/wp\/v2\/users\/1"}],"replies":[{"embeddable":true,"href":"http:\/\/funvive.org\/index.php\/wp-json\/wp\/v2\/comments?post=5"}],"version-history":[{"count":8,"href":"http:\/\/funvive.org\/index.php\/wp-json\/wp\/v2\/pages\/5\/revisions"}],"predecessor-version":[{"id":721,"href":"http:\/\/funvive.org\/index.php\/wp-json\/wp\/v2\/pages\/5\/revisions\/721"}],"wp:attachment":[{"href":"http:\/\/funvive.org\/index.php\/wp-json\/wp\/v2\/media?parent=5"}],"curies":[{"name":"wp","href":"https:\/\/api.w.org\/{rel}","templated":true}]}}