{"id":343,"date":"2020-09-14T17:03:04","date_gmt":"2020-09-14T22:03:04","guid":{"rendered":"http:\/\/funvive.org\/?page_id=343"},"modified":"2020-09-28T21:56:29","modified_gmt":"2020-09-29T02:56:29","slug":"mas-servicios","status":"publish","type":"page","link":"http:\/\/funvive.org\/index.php\/mas-servicios\/","title":{"rendered":"Otras enfermedades"},"content":{"rendered":"\n<figure class=\"wp-block-image size-large\"><img loading=\"lazy\" width=\"1024\" height=\"783\" src=\"http:\/\/funvive.org\/wp-content\/uploads\/2019\/02\/gallery-2.png\" alt=\"\" class=\"wp-image-88\" srcset=\"http:\/\/funvive.org\/wp-content\/uploads\/2019\/02\/gallery-2.png 1024w, http:\/\/funvive.org\/wp-content\/uploads\/2019\/02\/gallery-2-300x229.png 300w, http:\/\/funvive.org\/wp-content\/uploads\/2019\/02\/gallery-2-768x587.png 768w\" sizes=\"(max-width: 1024px) 100vw, 1024px\" \/><figcaption>\t\t\t\t\t\t<\/figcaption><\/figure>\n\n\n\n<p>El ejercicio f\u00edsico trae beneficios para una multitud de enfermedades tales como:<\/p>\n\n\n\n<ul><li>Prescripci\u00f3n del Ejercicio F\u00edsico.<\/li><li>Elaboraci\u00f3n de planes Nutricionales y diet\u00f1eticos para las diferentes edades.<\/li><li>Rehabilitaci\u00f3n Cardiovascular y metab\u00f3lica.<\/li><li>Manejo de la obesidad y el sobrepeso con Nutrici\u00f3n y Ejercicio F\u00edsico prescritos.<\/li><li>Charlas y talleres para centros educativos e institucionales sobre h\u00e1bitos de vida saludable, motivaci\u00f3n, medicina preventiva.<\/li><li>Promoci\u00f3n de la salud en ni\u00f1os, adolescentes, adultos, ancianos.<\/li><li>Ejercicio F\u00edsico en ni\u00f1os para personas sanas \u00f3 con diabetes, colesterol alto, hipertensi\u00f3n arterial, enfermedades del coraz\u00f3n.<\/li><li>Determinaci\u00f3n de la condici\u00f3n f\u00edsica previa a ala participaci\u00f3n para ni\u00f1os y jovenes.<\/li><li>Fisioterapia y rehabilitaci\u00f3n para lesiones producto de la pr\u00e1ctica deportiva.<\/li><li>Atenci\u00f3n m\u00e9dia, odont\u00f3logia y Psicologia.<\/li><\/ul>\n","protected":false},"excerpt":{"rendered":"<p>El ejercicio f\u00edsico trae beneficios para una multitud de enfermedades tales como: Prescripci\u00f3n del Ejercicio F\u00edsico. Elaboraci\u00f3n de planes Nutricionales y diet\u00f1eticos para las diferentes edades. Rehabilitaci\u00f3n Cardiovascular y metab\u00f3lica. Manejo de la obesidad y el sobrepeso con Nutrici\u00f3n y Ejercicio F\u00edsico prescritos. Charlas y talleres para centros educativos e institucionales sobre h\u00e1bitos de vida&hellip;<\/p>\n","protected":false},"author":1,"featured_media":0,"parent":0,"menu_order":0,"comment_status":"closed","ping_status":"closed","template":"","meta":{"spay_email":""},"_links":{"self":[{"href":"http:\/\/funvive.org\/index.php\/wp-json\/wp\/v2\/pages\/343"}],"collection":[{"href":"http:\/\/funvive.org\/index.php\/wp-json\/wp\/v2\/pages"}],"about":[{"href":"http:\/\/funvive.org\/index.php\/wp-json\/wp\/v2\/types\/page"}],"author":[{"embeddable":true,"href":"http:\/\/funvive.org\/index.php\/wp-json\/wp\/v2\/users\/1"}],"replies":[{"embeddable":true,"href":"http:\/\/funvive.org\/index.php\/wp-json\/wp\/v2\/comments?post=343"}],"version-history":[{"count":4,"href":"http:\/\/funvive.org\/index.php\/wp-json\/wp\/v2\/pages\/343\/revisions"}],"predecessor-version":[{"id":718,"href":"http:\/\/funvive.org\/index.php\/wp-json\/wp\/v2\/pages\/343\/revisions\/718"}],"wp:attachment":[{"href":"http:\/\/funvive.org\/index.php\/wp-json\/wp\/v2\/media?parent=343"}],"curies":[{"name":"wp","href":"https:\/\/api.w.org\/{rel}","templated":true}]}}