{"id":12,"date":"2018-12-12T10:38:57","date_gmt":"2018-12-12T15:38:57","guid":{"rendered":"http:\/\/funvive.org\/?page_id=12"},"modified":"2020-10-14T19:57:11","modified_gmt":"2020-10-15T00:57:11","slug":"mision","status":"publish","type":"page","link":"http:\/\/funvive.org\/index.php\/mision\/","title":{"rendered":"Misi\u00f3n y Visi\u00f3n"},"content":{"rendered":"<h2 style=\"text-align: center;\">Misi\u00f3n<\/h2>\n<p style=\"text-align: left;\">Fundaci\u00f3n VIVE es una Organizaci\u00f3n sin fines de lucro cuyo objetivo es promover est\u00edlos de vida saludables mediante la Medicina Preventiva, la Nutrici\u00f3n y el Ejercicio F\u00edsico impulsando su promoci\u00f3n, capacitaci\u00f3n, prescripci\u00f3n medica e investigaci\u00f3n.<\/p>\n<h2 style=\"text-align: center;\">Visi\u00f3n<\/h2>\n<p style=\"text-align: left;\">Fundaci\u00f3n VIVE se constituir\u00e1 en una Organizaci\u00f3n lider en utilizar la prescripci\u00f3n del Ejercicio F\u00edsico y la Nutrici\u00f3n como terapia y su contribuci\u00f3n al desarrollo de la investigaci\u00f3n cient\u00edfica.<\/p>\n","protected":false},"excerpt":{"rendered":"<p>Misi\u00f3n Fundaci\u00f3n VIVE es una Organizaci\u00f3n sin fines de lucro cuyo objetivo es promover est\u00edlos de vida saludables mediante la Medicina Preventiva, la Nutrici\u00f3n y el Ejercicio F\u00edsico impulsando su promoci\u00f3n, capacitaci\u00f3n, prescripci\u00f3n medica e investigaci\u00f3n. Visi\u00f3n Fundaci\u00f3n VIVE se constituir\u00e1 en una Organizaci\u00f3n lider en utilizar la prescripci\u00f3n del Ejercicio F\u00edsico y la Nutrici\u00f3n&hellip;<\/p>\n","protected":false},"author":1,"featured_media":0,"parent":0,"menu_order":1,"comment_status":"closed","ping_status":"closed","template":"","meta":{"spay_email":""},"_links":{"self":[{"href":"http:\/\/funvive.org\/index.php\/wp-json\/wp\/v2\/pages\/12"}],"collection":[{"href":"http:\/\/funvive.org\/index.php\/wp-json\/wp\/v2\/pages"}],"about":[{"href":"http:\/\/funvive.org\/index.php\/wp-json\/wp\/v2\/types\/page"}],"author":[{"embeddable":true,"href":"http:\/\/funvive.org\/index.php\/wp-json\/wp\/v2\/users\/1"}],"replies":[{"embeddable":true,"href":"http:\/\/funvive.org\/index.php\/wp-json\/wp\/v2\/comments?post=12"}],"version-history":[{"count":8,"href":"http:\/\/funvive.org\/index.php\/wp-json\/wp\/v2\/pages\/12\/revisions"}],"predecessor-version":[{"id":781,"href":"http:\/\/funvive.org\/index.php\/wp-json\/wp\/v2\/pages\/12\/revisions\/781"}],"wp:attachment":[{"href":"http:\/\/funvive.org\/index.php\/wp-json\/wp\/v2\/media?parent=12"}],"curies":[{"name":"wp","href":"https:\/\/api.w.org\/{rel}","templated":true}]}}